{"id":112,"date":"2022-08-08T15:19:28","date_gmt":"2022-08-08T13:19:28","guid":{"rendered":"https:\/\/cekrm.uvlf.sk\/en\/?page_id=112"},"modified":"2022-08-30T13:15:18","modified_gmt":"2022-08-30T11:15:18","slug":"cooperation","status":"publish","type":"page","link":"https:\/\/cekrm.uvlf.sk\/en\/cooperation\/","title":{"rendered":"Cooperation"},"content":{"rendered":"\r\n<h4 class=\"wp-block-heading\"><i class=\"fas fa-house\"><\/i> National cooperation<\/h4>\r\n\r\n\r\n\r\n<p>CECRM closely cooperates with the Technical University in Ko\u0161ice, the Faculty of Natural Sciences, as well as the Faculty of Medicine of the University of Pavel Jozef \u0160af\u00e1rik in Ko\u0161ice, the Joint Tissue Bank, as well as the workplaces of the Slovak Academy of Sciences.<\/p>\r\n\r\n\r\n\r\n<p>In 2021, a Memorandum of Understanding for bilateral research cooperation was signed between the UVMP in Ko\u0161ice and the Comenius University in Bratislava, the Jessenius Faculty of Medicine in Martin, and specifically between CECRM and the Centre for Biomedicine. The current effort is to find topics that we plan to use in joint national or international projects.<\/p>\r\n\r\n\r\n<hr class=\"wp-block-separator has-alpha-channel-opacity is-style-dots\" \/>\r\n\r\n\r\n<h4 class=\"wp-block-heading\"><i class=\"fas fa-earth-europe\"><\/i> International Cooperation<\/h4>\r\n\r\n\r\n\r\n<p>Our centre actively cooperates with the University of Lille in France within the framework of common scientific topics, but also within the pedagogical process in the education of French doctoral students.<\/p>\r\n\r\n\r\n\r\n<p>We are currently participating in the education of Mgr. Lydie Ziane Chaouche, whose doctoral studies are focused on anti-tumor immunotherapy.<\/p>\r\n","protected":false},"excerpt":{"rendered":"<p>National cooperation CECRM closely cooperates with the Technical University in Ko\u0161ice, the Faculty of Natural Sciences, as well as the Faculty of Medicine of the University of Pavel Jozef \u0160af\u00e1rik in Ko\u0161ice, the Joint Tissue Bank, as well as the workplaces of the Slovak Academy of Sciences. In 2021, a Memorandum of Understanding for bilateral research cooperation was signed between the UVMP in Ko\u0161ice and the Comenius University in Bratislava, the Jessenius Faculty of Medicine in Martin, and specifically between CECRM and the Centre for Biomedicine. The current effort is [&hellip;]<\/p>\n","protected":false},"author":1,"featured_media":0,"parent":0,"menu_order":0,"comment_status":"closed","ping_status":"closed","template":"page-templates\/page_fullwidth.php","meta":{"inline_featured_image":false,"footnotes":""},"class_list":["post-112","page","type-page","status-publish","hentry"],"_links":{"self":[{"href":"https:\/\/cekrm.uvlf.sk\/en\/wp-json\/wp\/v2\/pages\/112"}],"collection":[{"href":"https:\/\/cekrm.uvlf.sk\/en\/wp-json\/wp\/v2\/pages"}],"about":[{"href":"https:\/\/cekrm.uvlf.sk\/en\/wp-json\/wp\/v2\/types\/page"}],"author":[{"embeddable":true,"href":"https:\/\/cekrm.uvlf.sk\/en\/wp-json\/wp\/v2\/users\/1"}],"replies":[{"embeddable":true,"href":"https:\/\/cekrm.uvlf.sk\/en\/wp-json\/wp\/v2\/comments?post=112"}],"version-history":[{"count":9,"href":"https:\/\/cekrm.uvlf.sk\/en\/wp-json\/wp\/v2\/pages\/112\/revisions"}],"predecessor-version":[{"id":319,"href":"https:\/\/cekrm.uvlf.sk\/en\/wp-json\/wp\/v2\/pages\/112\/revisions\/319"}],"wp:attachment":[{"href":"https:\/\/cekrm.uvlf.sk\/en\/wp-json\/wp\/v2\/media?parent=112"}],"curies":[{"name":"wp","href":"https:\/\/api.w.org\/{rel}","templated":true}]}}