{"id":106,"date":"2022-08-08T15:18:08","date_gmt":"2022-08-08T13:18:08","guid":{"rendered":"https:\/\/cekrm.uvlf.sk\/?page_id=106"},"modified":"2023-05-16T14:47:58","modified_gmt":"2023-05-16T12:47:58","slug":"team","status":"publish","type":"page","link":"https:\/\/cekrm.uvlf.sk\/en\/team\/","title":{"rendered":"Team"},"content":{"rendered":"<p><img loading=\"lazy\" decoding=\"async\" src=\"https:\/\/cekrm.uvlf.sk\/wp-content\/uploads\/2022\/08\/FOTO-CEKRM-MEMBERS-ENGL.jpg\" alt=\"\" width=\"1280\" height=\"720\" class=\"alignnone size-full wp-image-326\" srcset=\"https:\/\/cekrm.uvlf.sk\/wp-content\/uploads\/2022\/08\/FOTO-CEKRM-MEMBERS-ENGL.jpg 1280w, https:\/\/cekrm.uvlf.sk\/wp-content\/uploads\/2022\/08\/FOTO-CEKRM-MEMBERS-ENGL-300x169.jpg 300w, https:\/\/cekrm.uvlf.sk\/wp-content\/uploads\/2022\/08\/FOTO-CEKRM-MEMBERS-ENGL-1024x576.jpg 1024w, https:\/\/cekrm.uvlf.sk\/wp-content\/uploads\/2022\/08\/FOTO-CEKRM-MEMBERS-ENGL-768x432.jpg 768w, https:\/\/cekrm.uvlf.sk\/wp-content\/uploads\/2022\/08\/FOTO-CEKRM-MEMBERS-ENGL-920x518.jpg 920w, https:\/\/cekrm.uvlf.sk\/wp-content\/uploads\/2022\/08\/FOTO-CEKRM-MEMBERS-ENGL-230x129.jpg 230w, https:\/\/cekrm.uvlf.sk\/wp-content\/uploads\/2022\/08\/FOTO-CEKRM-MEMBERS-ENGL-350x197.jpg 350w, https:\/\/cekrm.uvlf.sk\/wp-content\/uploads\/2022\/08\/FOTO-CEKRM-MEMBERS-ENGL-480x270.jpg 480w\" sizes=\"(max-width: 1280px) 100vw, 1280px\" \/><\/p>\n\n\n<h4 class=\"wp-block-heading\">prof. DA\u0160A \u010c\u00cd\u017dKOV\u00c1, D.V.M, D.Sc.<\/h4>\n\n\n\n<div class=\"wp-block-columns is-layout-flex wp-container-core-columns-is-layout-1 wp-block-columns-is-layout-flex\">\n<div class=\"wp-block-column is-layout-flow wp-block-column-is-layout-flow\" style=\"flex-basis:10%\">\n<div style=\"text-align: center;\"><i class=\"fas fa-user\" style=\"font-size: 5em; color: #0170c1; padding-top: 0.3em; \"><\/i><\/div>\n<\/div>\n\n\n\n<div class=\"wp-block-column is-layout-flow wp-block-column-is-layout-flow\" style=\"flex-basis:90%\">\n<blockquote class=\"wp-block-quote is-layout-flow wp-block-quote-is-layout-flow\" style=\"font-size:16px\">\n<p>position: head of CECRM<\/p>\n\n\n\n<p><i class=\"fas fa-envelope\"><\/i> <a href=\"mailto:dasa.cizkova@uvlf.sk\">dasa.cizkova@uvlf.sk<\/a><\/p>\n\n\n\n<p>ORCiD <a href=\"https:\/\/orcid.org\/0000-0002-2504-3993\" target=\"_blank\" rel=\"noreferrer noopener\">0000-0002-2504-3993<\/a><\/p>\n<\/blockquote>\n<\/div>\n<\/div>\n\n\n\n<div class=\"wp-block-group is-vertical is-layout-flex wp-container-core-group-is-layout-1 wp-block-group-is-layout-flex\">\n<ul class=\"wp-block-list\">\n<li>1998 \u2013 PhD., Biology, Comenius University in Bratislava, Faculty of Medicine<\/li>\n\n\n\n<li>2011 \u2013 D.Sc., Neurosciences, NiU SAS, Bratislava<\/li>\n\n\n\n<li>2017 \u2013 Assoc. Prof., Anatomy, University of Veterinary Medicine and Pharmacy in Ko\u0161ice<\/li>\n\n\n\n<li>2021 \u2013 Prof., Immunology, University of Veterinary Medicine and Pharmacy in Ko\u0161ice<\/li>\n<\/ul>\n<\/div>\n\n\n\n<p>She has been working as the head of CECRM UVMP since 2020. For several years she worked at important foreign universities and scientific laboratories in the Netherlands, USA and France. She contributed to the introduction of CNS model systems, on which she tested treatment procedures using pharmacotherapy, cell therapy or biomaterials. The main direction are the therapeutic strategies limiting secondary damage, neuroinflammation, stimulating endogenous regeneration and improving functionality. Part of her research is currently focused on the field of cancer immunotherapy, specifically mammary gland tumors in dogs.<\/p>\n\n\n\n<p>She worked in the VEGA and APVV grant agencies several years. Currently, she is the president of the Slovak Society for Neurosciences at SAV, an honorary member of Laboratoire PRISM &#8211; Unit\u00e9 Inserm 1192, Universit\u00e9 de Lille in France, a member of the Federation of European Societies for Neurosciences (FENS), International Brain Research Organization (IBRO) and Trans European Stem cell Therapy Consortium (TESCT). She received the 2018 &#8220;Science and Technology Personality&#8221; Lifetime Achievement Awards in Regenerative Medicine and Neuroscience. In 2015, she was awarded the &#8220;J\u00e1n Jessenius Slovak Academy of Sciences Honorary Plaque&#8221; for her merits in medical sciences. She is the holder of the &#8220;Award for science and technology in the category for lifetime merit in the field of regenerative medicine and neuroscience for 2018&#8221; awarded by the Ministry of Education, Science, Research and Sports of the Slovak Republic. In 2020, she received the &#8220;Ko\u0161ice Woman of the Year&#8221; award, and in 2021, she received the &#8220;\u0160tef\u00e1nik Prize&#8221; awarded by the Ministry of Education, Science, Research and Sports of the Slovak Republic and the French Embassy in Bratislava for international scientific cooperation. Her H-index = 25.<\/p>\n\n\n\n<hr class=\"wp-block-separator has-alpha-channel-opacity is-style-dots\"\/>\n\n\n\n<h4 class=\"wp-block-heading\">MARCELA MALOVESK\u00c1, D.V.M., Ph.D.<\/h4>\n\n\n\n<div class=\"wp-block-columns is-layout-flex wp-container-core-columns-is-layout-2 wp-block-columns-is-layout-flex\">\n<div class=\"wp-block-column is-layout-flow wp-block-column-is-layout-flow\" style=\"flex-basis:10%\">\n<div style=\"text-align: center;\"><i class=\"fas fa-user\" style=\"font-size: 5em; color: #0170c1; padding-top: 0.3em; \"><\/i><\/div>\n<\/div>\n\n\n\n<div class=\"wp-block-column is-layout-flow wp-block-column-is-layout-flow\" style=\"flex-basis:90%\">\n<blockquote class=\"wp-block-quote is-layout-flow wp-block-quote-is-layout-flow\" style=\"font-size:16px\">\n<p>position: scientific and pedagogical worker<\/p>\n\n\n\n<p><i class=\"fas fa-envelope\"><\/i> <a href=\"mailto:marcela.maloveska@uvlf.sk\">marcela.maloveska@uvlf.sk<\/a><\/p>\n\n\n\n<p>ORCiD <a href=\"https:\/\/orcid.org\/0000-0002-3408-6063\" target=\"_blank\" rel=\"noreferrer noopener\">0000-0002-3408-6063<\/a><\/p>\n<\/blockquote>\n<\/div>\n<\/div>\n\n\n\n<div class=\"wp-block-group is-vertical is-layout-flex wp-container-core-group-is-layout-2 wp-block-group-is-layout-flex\">\n<ul class=\"wp-block-list\">\n<li>2016 \u2013 Ph.D., Morphology, University of Veterinary Medicine and Pharmacy in Ko\u0161ice<\/li>\n<\/ul>\n<\/div>\n\n\n\n<p>In her scientific research, she focuses on the study of canine neonatal tissues (placenta, amnion, umbilical cord) as an alternative source of mesenchymal stem cells in regenerative medicine. She participates in the standardization of protocols for the isolation of mesenchymal stem cells of neonatal origin and their genotypic and phenotypic characterization. At the same time, she is working on the introduction of standard procedures for obtaining conditioned medium from neonatal mesenchymal stem cells. Through her research, she expands original knowledge in the field of acellular therapy aimed at suppressing the inflammatory reaction, stimulating the growth of nerve fibers and revascularization in damaged nerve tissue with the aim of inducing regeneration in cell culture models with subsequent application in therapeutic procedures for neurodegenerative diseases. She is a member of the Slovak Society for Neuroscience and the Slovak Anatomical Society. She was the successful investigator of the grant VEGA 1\/0571\/17 dedicated to the morphological identification of the connection of the CNS with the extracranial components of the lymphatic system under physiological and pathological conditions. Her H index = 6.<\/p>\n\n\n\n<hr class=\"wp-block-separator has-alpha-channel-opacity is-style-dots\"\/>\n\n\n\n<h4 class=\"wp-block-heading\">Dr. rer. nat. PATR\u00cdCIA PETROU\u0160KOV\u00c1, Ph.D.<\/h4>\n\n\n\n<div class=\"wp-block-columns is-layout-flex wp-container-core-columns-is-layout-3 wp-block-columns-is-layout-flex\">\n<div class=\"wp-block-column is-layout-flow wp-block-column-is-layout-flow\" style=\"flex-basis:10%\">\n<div style=\"text-align: center;\"><i class=\"fas fa-user\" style=\"font-size: 5em; color: #0170c1; padding-top: 0.3em; \"><\/i><\/div>\n<\/div>\n\n\n\n<div class=\"wp-block-column is-layout-flow wp-block-column-is-layout-flow\" style=\"flex-basis:90%\">\n<blockquote class=\"wp-block-quote is-layout-flow wp-block-quote-is-layout-flow\" style=\"font-size:16px\">\n<p>position: researcher<\/p>\n\n\n\n<p><i class=\"fas fa-envelope\"><\/i> <a href=\"mailto:patricia.petrouskova@uvlf.sk\">patricia.petrouskova@uvlf.sk<\/a><\/p>\n\n\n\n<p>ORCiD <a href=\"https:\/\/orcid.org\/0000-0003-3464-8502\" target=\"_blank\" rel=\"noreferrer noopener\">0000-0003-3464-8502<\/a><\/p>\n<\/blockquote>\n<\/div>\n<\/div>\n\n\n\n<div class=\"wp-block-group is-vertical is-layout-flex wp-container-core-group-is-layout-3 wp-block-group-is-layout-flex\">\n<ul class=\"wp-block-list\">\n<li>2021 \u2013 Ph.D., Neurosciences, University of Veterinary Medicine and Pharmacy in Ko\u0161ice<\/li>\n<\/ul>\n<\/div>\n\n\n\n<p>She applies her experience with molecular-biological and proteomic methods (PCR, qRT-PCR, DNA and RNA isolation, DNA sequencing, Western blot, dot blot, ELISA, immunofluorescence techniques) acquired during her doctoral studies in her research aimed at identifying microRNA molecules as potential biomarkers for the diagnosis of canine mammary gland tumors as part of a veterinary examination with the aim of increasing the success of early diagnosis, effective treatment and chances of cure. At the same time, she participates in defining the optimal type of peripheral body fluid (blood or urine) as a non-invasive input material for the diagnosis of mammary gland tumors in bitches. By research focused on small extracellular vesicles &#8211; exosomes and exosomal microRNA molecules, it contributes to the expansion of their importance in veterinary practice and investigates their prospective use as biomarkers of canine mammary gland tumors. She won the prize for the best scientific work of 2020 in the &#8220;Competition of young scientific workers of the Department of Agriculture and Rural Development in the field of veterinary medicine&#8221; and 2nd place in the &#8220;Competition of young scientific researchers of the Slovak Society for Agricultural, Forestry, Food and Veterinary Sciences at the Academy of Sciences in Bratislava&#8221; in the veterinary sciences section. Her H index = 4.<\/p>\n\n\n\n<hr class=\"wp-block-separator has-alpha-channel-opacity is-style-dots\"\/>\n\n\n\n<h4 class=\"wp-block-heading\">SL\u00c1VKA LOZI\u0147\u00c1KOV\u00c1, Ing.<\/h4>\n\n\n\n<div class=\"wp-block-columns is-layout-flex wp-container-core-columns-is-layout-4 wp-block-columns-is-layout-flex\">\n<div class=\"wp-block-column is-layout-flow wp-block-column-is-layout-flow\" style=\"flex-basis:10%\">\n<div style=\"text-align: center;\"><i class=\"fas fa-user\" style=\"font-size: 5em; color: #0170c1; padding-top: 0.3em; \"><\/i><\/div>\n<\/div>\n\n\n\n<div class=\"wp-block-column is-layout-flow wp-block-column-is-layout-flow\" style=\"flex-basis:90%\">\n<blockquote class=\"wp-block-quote is-layout-flow wp-block-quote-is-layout-flow\" style=\"font-size:16px\">\n<p>position: administrative worker<\/p>\n\n\n\n<p><i class=\"fas fa-envelope\"><\/i> <a href=\"mailto:slavka.lozinakova@uvlf.sk\">slavka.lozinakova@uvlf.sk<\/a><\/p>\n<\/blockquote>\n<\/div>\n<\/div>\n\n\n\n<p>Ensures the administrative and economic operation of the Centre for Experimental and Clinical Regenerative Medicine in the form of processing orders, invoices, personnel agenda, economic correspondence, participation in submitting annual\/final reports of current projects and participation in the preparation of new national and international projects.<\/p>\n","protected":false},"excerpt":{"rendered":"<p>prof. DA\u0160A \u010c\u00cd\u017dKOV\u00c1, D.V.M, D.Sc. position: head of CECRM dasa.cizkova@uvlf.sk ORCiD 0000-0002-2504-3993 She has been working as the head of CECRM UVMP since 2020. For several years she worked at important foreign universities and scientific laboratories in the Netherlands, USA and France. She contributed to the introduction of CNS model systems, on which she tested treatment procedures using pharmacotherapy, cell therapy or biomaterials. The main direction are the therapeutic strategies limiting secondary damage, neuroinflammation, stimulating endogenous regeneration and improving functionality. Part of her research is currently focused on the field [&hellip;]<\/p>\n","protected":false},"author":1,"featured_media":0,"parent":0,"menu_order":0,"comment_status":"closed","ping_status":"closed","template":"page-templates\/page_fullwidth.php","meta":{"inline_featured_image":false,"footnotes":""},"class_list":["post-106","page","type-page","status-publish","hentry"],"_links":{"self":[{"href":"https:\/\/cekrm.uvlf.sk\/en\/wp-json\/wp\/v2\/pages\/106"}],"collection":[{"href":"https:\/\/cekrm.uvlf.sk\/en\/wp-json\/wp\/v2\/pages"}],"about":[{"href":"https:\/\/cekrm.uvlf.sk\/en\/wp-json\/wp\/v2\/types\/page"}],"author":[{"embeddable":true,"href":"https:\/\/cekrm.uvlf.sk\/en\/wp-json\/wp\/v2\/users\/1"}],"replies":[{"embeddable":true,"href":"https:\/\/cekrm.uvlf.sk\/en\/wp-json\/wp\/v2\/comments?post=106"}],"version-history":[{"count":43,"href":"https:\/\/cekrm.uvlf.sk\/en\/wp-json\/wp\/v2\/pages\/106\/revisions"}],"predecessor-version":[{"id":343,"href":"https:\/\/cekrm.uvlf.sk\/en\/wp-json\/wp\/v2\/pages\/106\/revisions\/343"}],"wp:attachment":[{"href":"https:\/\/cekrm.uvlf.sk\/en\/wp-json\/wp\/v2\/media?parent=106"}],"curies":[{"name":"wp","href":"https:\/\/api.w.org\/{rel}","templated":true}]}}